{"id":1086,"date":"2023-04-26T16:10:54","date_gmt":"2023-04-26T16:10:54","guid":{"rendered":"https:\/\/www.elteam.si\/predstavitev\/"},"modified":"2025-11-25T14:10:35","modified_gmt":"2025-11-25T14:10:35","slug":"praesentation","status":"publish","type":"page","link":"https:\/\/www.elteam.si\/de\/praesentation\/","title":{"rendered":"Pr\u00e4sentation"},"content":{"rendered":"\n\n\t<h2>PR\u00c4SENTATION<\/h2>\n<p>&nbsp;<\/p>\n<h2><img loading=\"lazy\" decoding=\"async\" src=\"https:\/\/www.elteam.si\/wp-content\/uploads\/2023\/04\/elteam_cover.jpg\" alt=\"\" width=\"400\" height=\"225\" \/><\/h2>\n<p><strong><em>Das Unternehmen ELTEAM GROUP d.o.o. ist Ihr zuverl\u00e4ssiger Partner bei der erbringung und Herstellung von Elektroinstallationen.<\/em><\/strong><\/p>\n<p><em>Unsere Spezialit\u00e4t ist die Installation des Stromnetzes in Geb\u00e4uden und deren Umgebung, Reparaturen am Stromnetz des Geb\u00e4udes, Anschluss elektrischer Ger\u00e4te an das Stromnetz und elektrische Messungen.<\/em><\/p>\n<p>&nbsp;<\/p>\n<p>Wir freuen uns, dass unsere Professionalit\u00e4t und unser qualitativ hochwertiger Service unsere Kunden zufrieden stellen und uns ihren Freunden und Gesch\u00e4ftspartnern weiterempfehlen. Wir verstehen, dass Vertrauen und langfristige Kundenzufriedenheit Schl\u00fcsselelemente f\u00fcr den Erfolg unseres Unternehmens sind.<\/p>\n<p>&nbsp;<\/p>\n<p><strong>Bei jedem Projekt<\/strong> legen wir Wert auf h\u00f6chste Qualit\u00e4t und verwenden die besten Materialien, um die Langlebigkeit und Sicherheit der Elektroinstallationen zu gew\u00e4hrleisten.<\/p>\n<p>&nbsp;<\/p>\n<p><strong>Wir erbringen unsere Dienstleistungen zeitnah,<\/strong> damit unsere Kunden ihre Projekte im Voraus planen k\u00f6nnen. Unsere wettbewerbsf\u00e4higen Preise sind auf Ihr Budget zugeschnitten und wir stellen stets sicher, dass unsere Projekte p\u00fcnktlich abgeschlossen werden.<\/p>\n<p>&nbsp;<\/p>\n<p><strong>Dar\u00fcber hinaus bieten wir Ihnen professionelle Beratung und Hilfe<\/strong> bei der L\u00f6sung von Umsetzungsproblemen, damit Sie die besten Ergebnisse in Ihrem Projekt erzielen. Unsere Dienstleistungen sind auf Ihre Bed\u00fcrfnisse zugeschnitten. Kontaktieren Sie uns f\u00fcr ein kostenloses Angebot und einen Projektvoranschlag.<\/p>\n\t<p>&nbsp;<\/p>\n<p><strong>Werden Sie Teil unserer zufriedenen Kunden und vertrauen Sie uns Ihre Projekte an. Gemeinsam erreichen wir Ihre Ziele!<\/strong><\/p>\n\t<p>&nbsp;<\/p>\n<p><a href=\"https:\/\/www.elteam.si\/de\/elektroinstallationen\/\">Elektro <strong>installationen<\/strong><\/a> <strong>|<\/strong> <a href=\"https:\/\/www.elteam.si\/de\/strommessungen\/\">Strommes<strong>sungen<\/strong><\/a> <strong>|<\/strong> <a href=\"https:\/\/www.elteam.si\/de\/sonderleistungen\/\">Sonder<strong>leistungen<\/strong><\/a><\/p>\n\n","protected":false},"excerpt":{"rendered":"<p>PR\u00c4SENTATION &nbsp; Das Unternehmen ELTEAM GROUP d.o.o. ist Ihr zuverl\u00e4ssiger Partner bei der erbringung und Herstellung von Elektroinstallationen. Unsere Spezialit\u00e4t ist die Installation des Stromnetzes in Geb\u00e4uden und deren Umgebung, Reparaturen am Stromnetz des Geb\u00e4udes, Anschluss elektrischer Ger\u00e4te an das Stromnetz und elektrische Messungen. &nbsp; Wir freuen uns, dass unsere Professionalit\u00e4t und unser qualitativ hochwertiger<a class=\"more-link\" href=\"https:\/\/www.elteam.si\/de\/praesentation\/\"><span class=\"screen-reader-text\">&#8222;Pr\u00e4sentation&#8220;<\/span> weiterlesen<\/a><\/p>\n","protected":false},"author":1,"featured_media":0,"parent":0,"menu_order":0,"comment_status":"closed","ping_status":"closed","template":"","meta":{"om_disable_all_campaigns":false,"_monsterinsights_skip_tracking":false,"_monsterinsights_sitenote_active":false,"_monsterinsights_sitenote_note":"","_monsterinsights_sitenote_category":0,"footnotes":""},"class_list":["post-1086","page","type-page","status-publish","hentry","entry"],"aioseo_notices":[],"_links":{"self":[{"href":"https:\/\/www.elteam.si\/de\/wp-json\/wp\/v2\/pages\/1086","targetHints":{"allow":["GET"]}}],"collection":[{"href":"https:\/\/www.elteam.si\/de\/wp-json\/wp\/v2\/pages"}],"about":[{"href":"https:\/\/www.elteam.si\/de\/wp-json\/wp\/v2\/types\/page"}],"author":[{"embeddable":true,"href":"https:\/\/www.elteam.si\/de\/wp-json\/wp\/v2\/users\/1"}],"replies":[{"embeddable":true,"href":"https:\/\/www.elteam.si\/de\/wp-json\/wp\/v2\/comments?post=1086"}],"version-history":[{"count":2,"href":"https:\/\/www.elteam.si\/de\/wp-json\/wp\/v2\/pages\/1086\/revisions"}],"predecessor-version":[{"id":1092,"href":"https:\/\/www.elteam.si\/de\/wp-json\/wp\/v2\/pages\/1086\/revisions\/1092"}],"wp:attachment":[{"href":"https:\/\/www.elteam.si\/de\/wp-json\/wp\/v2\/media?parent=1086"}],"curies":[{"name":"wp","href":"https:\/\/api.w.org\/{rel}","templated":true}]}}