{"id":1042,"date":"2023-04-26T18:43:37","date_gmt":"2023-04-26T18:43:37","guid":{"rendered":"https:\/\/www.elteam.si\/povprasevanje\/"},"modified":"2025-11-25T10:35:49","modified_gmt":"2025-11-25T10:35:49","slug":"anfrage","status":"publish","type":"page","link":"https:\/\/www.elteam.si\/de\/anfrage\/","title":{"rendered":"Anfrage"},"content":{"rendered":"\n\n\t<h1><strong>Kontaktieren<\/strong> Sie uns<\/h1>\n<p>&nbsp;<\/p>\n<p><strong>Unsere Fachleute<\/strong> beantworten gerne Ihre Fragen und erstellen Ihnen ein individuelles Angebot, das auf Ihr Budget und Ihre Bed\u00fcrfnisse zugeschnitten ist.<\/p>\n<p>&nbsp;<\/p>\n<p><strong>Gemeinsam k\u00f6nnen wir<\/strong> die beste L\u00f6sung f\u00fcr Sie oder Ihr Unternehmen finden.<strong>Daher laden wir Sie ein<\/strong>, uns jederzeit zu kontaktieren und sich <strong>von der Qualit\u00e4t unserer Dienstleistungen zu \u00fcberzeugen.<\/strong><\/p>\n<p>&nbsp;<\/p>\n<hr \/>\n<p>&nbsp;<\/p>\n<div style=\"display:none\" class=\"fm-form-container fm-theme1\"><div id=\"fm-pages4\" class=\"fm-pages wdform_page_navigation \" show_title=\"\" show_numbers=\"1\" type=\"none\"><\/div><form name=\"form4\" action=\"\/de\/wp-json\/wp\/v2\/pages\/1042\" method=\"post\" id=\"form4\" class=\"fm-form form4  \" enctype=\"multipart\/form-data\"><input type=\"hidden\" id=\"counter4\" value=\"7\" name=\"counter4\" \/><input type=\"hidden\" id=\"Itemid4\" value=\"\" name=\"Itemid4\" \/><input type=\"text\" class=\"fm-hide\" id=\"fm_bot_validation4\" value=\"\" name=\"fm_bot_validation4\" \/><input type=\"text\" class=\"fm-hide\" id=\"fm_empty_field_validation4\" value=\"\" name=\"fm_empty_field_validation4\" data-value=\"23e87111859f991c4d815b5906d4facb\" \/><input type=\"hidden\" id=\"fm_form_nonce4\" name=\"fm_form_nonce4\" value=\"a4fee6cd06\" \/><input type=\"hidden\" name=\"_wp_http_referer\" value=\"\/de\/wp-json\/wp\/v2\/pages\/1042\" \/><div class=\"fm-header-bg\"><div class=\"fm-header \"><div class=\"fm-header-text\">          <div class=\"fm-header-title\">            Kontaktieren Sie uns          <\/div>          <div class=\"fm-header-description\">            <span style=\"font-size: 16px; color: #000;\">F\u00fcllen Sie das Anfrageformular aus oder kontaktieren Sie uns telefonisch. F\u00fcr alle zus\u00e4tzlichen Informationen stehen wir Ihnen gerne zur Verf\u00fcgung. Wir freuen uns auf die Zusammenarbeit mit Ihnen.<\/span>          <\/div>        <\/div><\/div><\/div><div class=\"wdform-page-and-images fm-form-builder\"><div id=\"4form_view1\" class=\"wdform_page\" page_title=\"Untitled page\" next_title=\"Next\" next_type=\"text\" next_class=\"wdform-page-button\" next_checkable=\"true\" previous_title=\"Previous\" previous_type=\"text\" previous_class=\"wdform-page-button\" previous_checkable=\"false\"><div class=\"wdform_section\"><div class=\"wdform_column\"><div wdid=\"3\" class=\"wdform_row\" style=\"position: relative; left: 0px; top: 0px;\"><div type=\"type_text\" class=\"wdform-field wd-width-100 wd-flex wd-flex-column\"><div class=\"wdform-label-section wd-width-100  wd-flex-row wd-align-items-center\">    <label  for=\"wdform_3_element4\" class=\"wdform-label\">Nachname<\/label><span class=\"wdform-required\">*<\/span><\/div><div class=\"wdform-element-section wd-flex  wd-flex-row wd-align-items-center wd-width-100\" ><input type=\"text\"                           class=\"wd-width-100\"                           id=\"wdform_3_element4\"                           name=\"wdform_3_element4\"                           value=\"Nachname\"                           title=\"\"                           placeholder=\"\"                                                       \/><\/div><\/div><\/div><div wdid=\"2\" class=\"wdform_row\"><div type=\"type_text\" class=\"wdform-field wd-width-100 wd-flex wd-flex-column\"><div class=\"wdform-label-section wd-width-100  wd-flex-row wd-align-items-center\">    <label  for=\"wdform_2_element4\" class=\"wdform-label\">Ihr Name<\/label><span class=\"wdform-required\">*<\/span><\/div><div class=\"wdform-element-section wd-flex  wd-flex-row wd-align-items-center wd-width-100\" ><input type=\"text\"                           class=\"wd-width-100\"                           id=\"wdform_2_element4\"                           name=\"wdform_2_element4\"                           value=\"Name\"                           title=\"\"                           placeholder=\"\"                                                       \/><\/div><\/div><\/div><\/div><div class=\"wdform_column\"><div wdid=\"5\" class=\"wdform_row\" style=\"position: relative; left: 0px; top: 0px;\"><div type=\"type_submitter_mail\" class=\"wdform-field wd-width-100 wd-flex wd-flex-column\"><div class=\"wdform-label-section wd-width-100  wd-flex-row\">    <label  for=\"wdform_5_element4\" class=\"wdform-label\">Email<\/label><span class=\"wdform-required\">*<\/span><\/div><div class=\"wdform-element-section wd-flex  wd-flex-row wd-width-100\" ><input type=\"text\" class=\"wd-width-100\" id=\"wdform_5_element4\" name=\"wdform_5_element4\" value=\"\" title=\"\" placeholder=\"\"   onchange=\"wd_check_email('5', '4', 'This is not a valid email address.')\" \/><\/div><\/div><\/div><div wdid=\"4\" class=\"wdform_row\" style=\"position: relative; left: 0px; top: 0px;\"><div type=\"type_phone_new\" class=\"wdform-field wd-width-100 wd-flex wd-flex-column\"><div class=\"wdform-label-section wd-width-100 \">    <label  for=\"wdform_4_element4\" class=\"wdform-label\">Telefonnummer<\/label><span class=\"wdform-required\">*<\/span><\/div><div class=\"wdform-element-section wd-flex  wd-width-100\" ><input type=\"text\"                       class=\"wd-width-100\"                       id=\"wdform_4_element4\"                       name=\"wdform_4_element4\"                       value=\"\"                       placeholder=\"\"  \/><\/div><\/div><\/div><\/div><\/div><div class=\"wdform_section\"><div class=\"wdform_column\"><div wdid=\"6\" class=\"wdform_row\" style=\"position: relative; left: 0px; top: 0px;\"><div type=\"type_textarea\" class=\"wdform-field wd-width-100 wd-flex wd-flex-column\"><div class=\"wdform-label-section wd-width-100 \">    <label  for=\"wdform_6_element4\" class=\"wdform-label\">Ihre Frage<\/label><\/div><div class=\"wdform-element-section wd-flex  wd-width-100\" ><textarea class=\"wd-width-100\"                      id=\"wdform_6_element4\"                      name=\"wdform_6_element4\"                      placeholder=\"\"                      style=\"height: 100px;\"                      ><\/textarea><\/div><\/div><\/div><\/div><div class=\"wdform_column\"><div wdid=\"1\" class=\"wdform_row\" style=\"position: relative; left: 0px; top: 0px;\"><div type=\"type_submit_reset\" class=\"wdform-field wd-width-100 wd-flex wd-flex-column\"><div class=\"wdform-element-section wd-flex  wd-flex-row wd-justify-content-left wd-width-100\" ><button  type=\"button\" class=\"button-submit\" onclick=\"fm_submit_form('4');\"  attribute=value data-ajax=\"0\"><span class=\"fm-submit-loading spinner fm-ico-spinner\"><\/span>Anfrage senden<\/button><button  type=\"button\" class=\"button-reset wd-hidden\" onclick=\"fm_reset_form(4);\"  attribute=value>Ponastavi<\/button><\/div><\/div><\/div><\/div><\/div><div valign=\"top\" class=\"wdform_footer wd-width-100\"><div class=\"wd-width-100\"><div class=\"wd-width-100 wd-table\" style=\"padding-top:10px;\"><div class=\"wd-table-group\"><div id=\"4page_nav1\" class=\"wd-table-row\"><\/div><\/div><\/div><\/div><\/div><\/div><\/div><div class=\"wdform_preload\"><\/div><\/form><\/div>\n<hr \/>\n\n\t\t\t<a href=\"tel:+386%2041%20390%20872\" target=\"_self\">\n\t\t\t\t\t\t+386 (0)41 390 872\n\t\t\t\t\t<\/a>\n\t<p>&nbsp;<\/p>\n<p><a href=\"https:\/\/www.elteam.si\/de\/elektroinstallationen\/\">Elektro <strong>installationen<\/strong><\/a> <strong>|<\/strong> <a href=\"https:\/\/www.elteam.si\/de\/strommessungen\/\">Strommes<strong>sungen<\/strong><\/a> <strong>|<\/strong> <a href=\"https:\/\/www.elteam.si\/de\/sonderleistungen\/\">Sonder<strong>leistungen<\/strong><\/a><\/p>\n\n","protected":false},"excerpt":{"rendered":"<p>Kontaktieren Sie uns &nbsp; Unsere Fachleute beantworten gerne Ihre Fragen und erstellen Ihnen ein individuelles Angebot, das auf Ihr Budget und Ihre Bed\u00fcrfnisse zugeschnitten ist. &nbsp; Gemeinsam k\u00f6nnen wir die beste L\u00f6sung f\u00fcr Sie oder Ihr Unternehmen finden.Daher laden wir Sie ein, uns jederzeit zu kontaktieren und sich von der Qualit\u00e4t unserer Dienstleistungen zu \u00fcberzeugen.<a class=\"more-link\" href=\"https:\/\/www.elteam.si\/de\/anfrage\/\"><span class=\"screen-reader-text\">&#8222;Anfrage&#8220;<\/span> weiterlesen<\/a><\/p>\n","protected":false},"author":1,"featured_media":0,"parent":0,"menu_order":0,"comment_status":"closed","ping_status":"closed","template":"","meta":{"om_disable_all_campaigns":false,"_monsterinsights_skip_tracking":false,"_monsterinsights_sitenote_active":false,"_monsterinsights_sitenote_note":"","_monsterinsights_sitenote_category":0,"footnotes":""},"class_list":["post-1042","page","type-page","status-publish","hentry","entry"],"aioseo_notices":[],"_links":{"self":[{"href":"https:\/\/www.elteam.si\/de\/wp-json\/wp\/v2\/pages\/1042","targetHints":{"allow":["GET"]}}],"collection":[{"href":"https:\/\/www.elteam.si\/de\/wp-json\/wp\/v2\/pages"}],"about":[{"href":"https:\/\/www.elteam.si\/de\/wp-json\/wp\/v2\/types\/page"}],"author":[{"embeddable":true,"href":"https:\/\/www.elteam.si\/de\/wp-json\/wp\/v2\/users\/1"}],"replies":[{"embeddable":true,"href":"https:\/\/www.elteam.si\/de\/wp-json\/wp\/v2\/comments?post=1042"}],"version-history":[{"count":3,"href":"https:\/\/www.elteam.si\/de\/wp-json\/wp\/v2\/pages\/1042\/revisions"}],"predecessor-version":[{"id":1049,"href":"https:\/\/www.elteam.si\/de\/wp-json\/wp\/v2\/pages\/1042\/revisions\/1049"}],"wp:attachment":[{"href":"https:\/\/www.elteam.si\/de\/wp-json\/wp\/v2\/media?parent=1042"}],"curies":[{"name":"wp","href":"https:\/\/api.w.org\/{rel}","templated":true}]}}