{"id":1019,"date":"2023-04-25T17:41:11","date_gmt":"2023-04-25T17:41:11","guid":{"rendered":"https:\/\/www.elteam.si\/elektro-storitve\/"},"modified":"2025-11-25T10:57:05","modified_gmt":"2025-11-25T10:57:05","slug":"home","status":"publish","type":"page","link":"https:\/\/www.elteam.si\/de\/","title":{"rendered":"HOME"},"content":{"rendered":"\n\n\t\n\t\t\t\t<p class=\"rs-p-wp-fix\"><\/p>\n\t\t\t\t<sr7-module data-alias=\"slider-1\" data-id=\"1\" id=\"SR7_1_1\" class=\"rs-ov-hidden\" data-version=\"6.7.31\">\n\t\t\t\t\t<sr7-adjuster><\/sr7-adjuster>\n\t\t\t\t\t<sr7-content>\n\t\t\t\t\t\t<sr7-slide id=\"SR7_1_1-1\" data-key=\"1\">\n\t\t\t\t\t\t\t<sr7-txt id=\"SR7_1_1-1-1\" class=\"sr7-layer\">ELTEAM GROUP<\/sr7-txt>\n\t\t\t\t\t\t<\/sr7-slide>\n\t\t\t\t\t\t<sr7-slide id=\"SR7_1_1-2\" data-key=\"2\">\n\t\t\t\t\t\t<\/sr7-slide>\n\t\t\t\t\t<\/sr7-content>\n\t\t\t\t<\/sr7-module>\n\t\t\t\t<script>\n\t\t\t\t\tSR7.PMH ??={}; SR7.PMH[\"SR7_1_1\"] = {cn:100,state:false,fn: function() { if (_tpt!==undefined && _tpt.prepareModuleHeight !== undefined) {  _tpt.prepareModuleHeight({id:\"SR7_1_1\",el:[600,600,768,960,720],type:'standard',shdw:'0',gh:[600,600,495,376,232],gw:[1240,1240,1024,778,480],vpt:['-100px'],size:{fullWidth:true, fullHeight:false},mh:'0',onh:0,onw:0,bg:{color:'{\"orig\":\"transparent\",\"type\":\"solid\",\"string\":\"transparent\"}'}});   SR7.PMH[\"SR7_1_1\"].state=true;} else if(SR7.PMH[\"SR7_1_1\"].cn-->0)\tsetTimeout( SR7.PMH[\"SR7_1_1\"].fn,19);}};SR7.PMH[\"SR7_1_1\" ].fn();\n\t\t\t\t<\/script>\n\n\t<h2><strong>Wir sind ELTEAM<\/strong><\/h2>\n<p>&nbsp;<\/p>\nIn unserem Unternehmen z\u00e4hlen professionelle L\u00f6sungen in den Bereichen der Elektroinstallationen, Video\u00fcberwachung, Alarm- und Brandmeldeanlagen, Zutrittskontrolle und elektrische Messungen zu unseren Kernkompetenzen.<br \/>\nMit unserem engagierten Team bieten wir ein h\u00f6chstes Ma\u00df an Qualit\u00e4t und termingerechter Ausf\u00fchrung.<br \/>\n\n<p>&nbsp;<\/p>\n<em>&#8222;Wir sind ein Familienunternehmen und wie es in Familien \u00fcblich ist, unterst\u00fctzen wir uns gegenseitig. Der Einsatz unseres Teams hat uns dahin gebracht, wo wir heute stehen, und wir streben jeden Tag nach Verbesserung.<br \/>\nBest\u00e4ndigkeit ist unser Erfolgsrezept, und Qualit\u00e4t hat Bestand!&#8220;<\/em>\n<p>&nbsp;<\/p>\n<p><strong><em>Franci Strelec<\/em><\/strong><\/p>\n<p><em>Gesch\u00e4ftsf\u00fchrer<\/em><\/p>\n\t\t\t\t<img decoding=\"async\" src=\"https:\/\/www.elteam.si\/wp-content\/uploads\/2025\/11\/direktor3.png\" alt=\"direktor3\" itemprop=\"image\" height=\"1993\" width=\"1326\" title=\"direktor3\" onerror=\"this.style.display='none'\" loading=\"lazy\" \/>\n\t<h2>Vorstellung unseres Teams<\/h2>\n\t\t\t\t<img decoding=\"async\" src=\"https:\/\/www.elteam.si\/wp-content\/uploads\/2025\/11\/image0-1-scaled.jpeg\" alt=\"image0 (1)\" itemprop=\"image\" height=\"2560\" width=\"1920\" title=\"image0 (1)\" onerror=\"this.style.display='none'\" loading=\"lazy\" \/>\n\t<p><strong>Franci Strelec<\/strong><\/p>\n<p>Gesch\u00e4ftsf\u00fchre<\/p>\n\t\t\t\t<img decoding=\"async\" src=\"https:\/\/www.elteam.si\/wp-content\/uploads\/2025\/11\/andreja.jpg\" alt=\"andreja\" itemprop=\"image\" height=\"2560\" width=\"1920\" title=\"andreja\" onerror=\"this.style.display='none'\" loading=\"lazy\" \/>\n\t<p><strong>Andreja Strelec Ceci<\/strong><\/p>\n<p>Stellvertretende Gesch\u00e4ftsf\u00fchrerin<\/p>\n\t\t\t\t<img decoding=\"async\" src=\"https:\/\/www.elteam.si\/wp-content\/uploads\/2025\/11\/IMG_2928-scaled.jpg\" alt=\"IMG_2928\" itemprop=\"image\" height=\"2560\" width=\"1920\" title=\"IMG_2928\" onerror=\"this.style.display='none'\" loading=\"lazy\" \/>\n\t<p><strong>Bojan Zagor\u0161ek<\/strong><\/p>\n<p>Projektleitung <\/p>\n\t\t\t\t<img decoding=\"async\" src=\"https:\/\/www.elteam.si\/wp-content\/uploads\/2025\/11\/IMG_2930-scaled.jpg\" alt=\"IMG_2930\" itemprop=\"image\" height=\"2560\" width=\"1920\" title=\"IMG_2930\" onerror=\"this.style.display='none'\" loading=\"lazy\" \/>\n\t<p><strong>Stanko Frange\u017e<\/strong><\/p>\n<p>Projektleitung<\/p>\n\t\t\t\t<img decoding=\"async\" src=\"https:\/\/www.elteam.si\/wp-content\/uploads\/2025\/11\/IMG_2932-scaled.jpg\" alt=\"IMG_2932\" itemprop=\"image\" height=\"2560\" width=\"1920\" title=\"IMG_2932\" onerror=\"this.style.display='none'\" loading=\"lazy\" \/>\n\t<p><strong>Niko Megli\u010d<\/strong><\/p>\n<p>Projektleitung <\/p>\n\t<p><img loading=\"lazy\" decoding=\"async\" src=\"https:\/\/www.elteam.si\/wp-content\/uploads\/2023\/04\/elteam_005.jpg\" alt=\"\" width=\"620\" height=\"414\" \/><\/p>\n<p>&nbsp;<\/p>\n<p>Elektro <strong>installationen<\/strong><\/p>\nElektroinstallationen sind ein wesentlicher Bestandteil jedes Wohn-, Gesch\u00e4fts- oder Industrieobjekts, denn ein Leben ohne elektrische Energie &#8230;\nPREIS:<strong><a href=\"https:\/\/www.elteam.si\/de\/anfrage\/\"> Anfrage \/ Angebot anfordern<\/a><\/strong>\n<a href=\"https:\/\/www.elteam.si\/de\/elektroinstallationen\/\"><strong>Lesen Sie mehr &#8230;<\/strong><\/a>\n\t<p><img loading=\"lazy\" decoding=\"async\" src=\"https:\/\/www.elteam.si\/wp-content\/uploads\/2023\/04\/elteam_003.jpg\" alt=\"\" width=\"620\" height=\"414\" \/><\/p>\n<p>&nbsp;<\/p>\n<p>Strommes<strong>sungen<\/strong><\/p>\nElektromessungen sind ein entscheidender Prozess, der in verschiedenen elektroenergetischen Systemen durchgef\u00fchrt wird. Die Messungen erm\u00f6glichen die Feststellung der Qualit\u00e4t der elektrischen &#8230;\nPREIS:<strong><a href=\"https:\/\/www.elteam.si\/de\/anfrage\/\"> Anfrage \/ Angebot anfordern<\/a><\/strong>\n<a href=\"https:\/\/www.elteam.si\/de\/strommessungen\/\"><strong>Lesen Sie mehr &#8230;<\/strong><\/a>\n\t<p><img loading=\"lazy\" decoding=\"async\" src=\"https:\/\/www.elteam.si\/wp-content\/uploads\/2023\/04\/elteam_7.jpg\" alt=\"\" width=\"620\" height=\"414\" \/><\/p>\n<p>&nbsp;<\/p>\n<p><strong>Sonder<\/strong>leistungen<\/p>\nReparatur und Wartung von elektroenergetischen Systemen, Beratung und Planung von Elektrosystemen, Elektromontage, Beleuchtung und Lichttechnik &#8230;\nPREIS:<strong><a href=\"https:\/\/www.elteam.si\/de\/anfrage\/\"> Anfrage \/ Angebot anfordern<\/a><\/strong>\n<a href=\"https:\/\/www.elteam.si\/de\/sonderleistungen\/\"><strong>Lesen Sie mehr &#8230;<\/strong><\/a>\n\t<h2>Einige unserer Projekte<\/h2>\n\t\t\t\t<a href=\"https:\/\/www.elteam.si\/wp-content\/uploads\/2025\/11\/1.-STANOVANJSKI-OBJEKT_-Ptuj.png\"  target=\"_self\" itemprop=\"url\">\n\t\t\t\t<img decoding=\"async\" src=\"https:\/\/www.elteam.si\/wp-content\/uploads\/2025\/11\/1.-STANOVANJSKI-OBJEKT_-Ptuj.png\" alt=\"1. STANOVANJSKI OBJEKT_ Ptuj\" itemprop=\"image\" height=\"867\" width=\"1159\" title=\"1. STANOVANJSKI OBJEKT_ Ptuj\" onerror=\"this.style.display='none'\" loading=\"lazy\" \/>\n\t\t\t\t<\/a>\n\t<p><strong>Wohnhaus<\/strong><\/p>\n<p>Ptuj <\/p>\n\t\t\t\t<a href=\"https:\/\/www.elteam.si\/wp-content\/uploads\/2025\/11\/eurospin-ormoz.jpg\"  target=\"_self\" itemprop=\"url\">\n\t\t\t\t<img decoding=\"async\" src=\"https:\/\/www.elteam.si\/wp-content\/uploads\/2025\/11\/eurospin-ormoz.jpg\" alt=\"eurospin-ormo\u017e\" itemprop=\"image\" height=\"867\" width=\"1159\" title=\"eurospin-ormo\u017e\" onerror=\"this.style.display='none'\" loading=\"lazy\" \/>\n\t\t\t\t<\/a>\n\t<p><strong>EUROSPIN<\/strong><\/p>\n<p>Ormo\u017e<\/p>\n\t\t\t\t<a href=\"https:\/\/www.elteam.si\/wp-content\/uploads\/2025\/11\/ADEG_-Spital-am-Phyrn.jpg\"  target=\"_self\" itemprop=\"url\">\n\t\t\t\t<img decoding=\"async\" src=\"https:\/\/www.elteam.si\/wp-content\/uploads\/2025\/11\/ADEG_-Spital-am-Phyrn.jpg\" alt=\"ADEG_-Spital-am-Phyrn\" itemprop=\"image\" height=\"867\" width=\"1159\" title=\"ADEG_-Spital-am-Phyrn\" onerror=\"this.style.display='none'\" loading=\"lazy\" \/>\n\t\t\t\t<\/a>\n\t<p><strong>ADEG<\/strong><\/p>\n<p> Spital am Phyrn<\/p>\n\t\t\t\t<a href=\"https:\/\/www.elteam.si\/wp-content\/uploads\/2025\/11\/Dreilander-Galerie_-Weil-am-Rhein.jpg\"  target=\"_self\" itemprop=\"url\">\n\t\t\t\t<img decoding=\"async\" src=\"https:\/\/www.elteam.si\/wp-content\/uploads\/2025\/11\/Dreilander-Galerie_-Weil-am-Rhein.jpg\" alt=\"Dreil\u00e4nder-Galerie_-Weil-am-Rhein\" itemprop=\"image\" height=\"867\" width=\"1159\" title=\"Dreil\u00e4nder-Galerie_-Weil-am-Rhein\" onerror=\"this.style.display='none'\" loading=\"lazy\" \/>\n\t\t\t\t<\/a>\n\t<p><strong>Dreil\u00e4nder Galerie<\/strong><\/p>\n<p> Weil am Rhein<\/p>\n\t\t\t<a href=\"https:\/\/www.elteam.si\/de\/projekte\/\" target=\"_blank\" rel=\"noopener\">\n\t\t\t\t\t\t\tMehr Projekte\n\t\t\t<\/a>\n\t<div style=\"display:none\" class=\"fm-form-container fm-theme1\"><div id=\"fm-pages4\" class=\"fm-pages wdform_page_navigation \" show_title=\"\" show_numbers=\"1\" type=\"none\"><\/div><form name=\"form4\" action=\"\/de\/wp-json\/wp\/v2\/pages\/1019\" method=\"post\" id=\"form4\" class=\"fm-form form4  \" enctype=\"multipart\/form-data\"><input type=\"hidden\" id=\"counter4\" value=\"7\" name=\"counter4\" \/><input type=\"hidden\" id=\"Itemid4\" value=\"\" name=\"Itemid4\" \/><input type=\"text\" class=\"fm-hide\" id=\"fm_bot_validation4\" value=\"\" name=\"fm_bot_validation4\" \/><input type=\"text\" class=\"fm-hide\" id=\"fm_empty_field_validation4\" value=\"\" name=\"fm_empty_field_validation4\" data-value=\"24e9909c1ba102998b9016f24ad37165\" \/><input type=\"hidden\" id=\"fm_form_nonce4\" name=\"fm_form_nonce4\" value=\"a4fee6cd06\" \/><input type=\"hidden\" name=\"_wp_http_referer\" value=\"\/de\/wp-json\/wp\/v2\/pages\/1019\" \/><div class=\"fm-header-bg\"><div class=\"fm-header \"><div class=\"fm-header-text\">          <div class=\"fm-header-title\">            Kontaktieren Sie uns          <\/div>          <div class=\"fm-header-description\">            <span style=\"font-size: 16px; color: #000;\">F\u00fcllen Sie das Anfrageformular aus oder kontaktieren Sie uns telefonisch. F\u00fcr alle zus\u00e4tzlichen Informationen stehen wir Ihnen gerne zur Verf\u00fcgung. Wir freuen uns auf die Zusammenarbeit mit Ihnen.<\/span>          <\/div>        <\/div><\/div><\/div><div class=\"wdform-page-and-images fm-form-builder\"><div id=\"4form_view1\" class=\"wdform_page\" page_title=\"Untitled page\" next_title=\"Next\" next_type=\"text\" next_class=\"wdform-page-button\" next_checkable=\"true\" previous_title=\"Previous\" previous_type=\"text\" previous_class=\"wdform-page-button\" previous_checkable=\"false\"><div class=\"wdform_section\"><div class=\"wdform_column\"><div wdid=\"3\" class=\"wdform_row\" style=\"position: relative; left: 0px; top: 0px;\"><div type=\"type_text\" class=\"wdform-field wd-width-100 wd-flex wd-flex-column\"><div class=\"wdform-label-section wd-width-100  wd-flex-row wd-align-items-center\">    <label  for=\"wdform_3_element4\" class=\"wdform-label\">Nachname<\/label><span class=\"wdform-required\">*<\/span><\/div><div class=\"wdform-element-section wd-flex  wd-flex-row wd-align-items-center wd-width-100\" ><input type=\"text\"                           class=\"wd-width-100\"                           id=\"wdform_3_element4\"                           name=\"wdform_3_element4\"                           value=\"Nachname\"                           title=\"\"                           placeholder=\"\"                                                       \/><\/div><\/div><\/div><div wdid=\"2\" class=\"wdform_row\"><div type=\"type_text\" class=\"wdform-field wd-width-100 wd-flex wd-flex-column\"><div class=\"wdform-label-section wd-width-100  wd-flex-row wd-align-items-center\">    <label  for=\"wdform_2_element4\" class=\"wdform-label\">Ihr Name<\/label><span class=\"wdform-required\">*<\/span><\/div><div class=\"wdform-element-section wd-flex  wd-flex-row wd-align-items-center wd-width-100\" ><input type=\"text\"                           class=\"wd-width-100\"                           id=\"wdform_2_element4\"                           name=\"wdform_2_element4\"                           value=\"Name\"                           title=\"\"                           placeholder=\"\"                                                       \/><\/div><\/div><\/div><\/div><div class=\"wdform_column\"><div wdid=\"5\" class=\"wdform_row\" style=\"position: relative; left: 0px; top: 0px;\"><div type=\"type_submitter_mail\" class=\"wdform-field wd-width-100 wd-flex wd-flex-column\"><div class=\"wdform-label-section wd-width-100  wd-flex-row\">    <label  for=\"wdform_5_element4\" class=\"wdform-label\">Email<\/label><span class=\"wdform-required\">*<\/span><\/div><div class=\"wdform-element-section wd-flex  wd-flex-row wd-width-100\" ><input type=\"text\" class=\"wd-width-100\" id=\"wdform_5_element4\" name=\"wdform_5_element4\" value=\"\" title=\"\" placeholder=\"\"   onchange=\"wd_check_email('5', '4', 'This is not a valid email address.')\" \/><\/div><\/div><\/div><div wdid=\"4\" class=\"wdform_row\" style=\"position: relative; left: 0px; top: 0px;\"><div type=\"type_phone_new\" class=\"wdform-field wd-width-100 wd-flex wd-flex-column\"><div class=\"wdform-label-section wd-width-100 \">    <label  for=\"wdform_4_element4\" class=\"wdform-label\">Telefonnummer<\/label><span class=\"wdform-required\">*<\/span><\/div><div class=\"wdform-element-section wd-flex  wd-width-100\" ><input type=\"text\"                       class=\"wd-width-100\"                       id=\"wdform_4_element4\"                       name=\"wdform_4_element4\"                       value=\"\"                       placeholder=\"\"  \/><\/div><\/div><\/div><\/div><\/div><div class=\"wdform_section\"><div class=\"wdform_column\"><div wdid=\"6\" class=\"wdform_row\" style=\"position: relative; left: 0px; top: 0px;\"><div type=\"type_textarea\" class=\"wdform-field wd-width-100 wd-flex wd-flex-column\"><div class=\"wdform-label-section wd-width-100 \">    <label  for=\"wdform_6_element4\" class=\"wdform-label\">Ihre Frage<\/label><\/div><div class=\"wdform-element-section wd-flex  wd-width-100\" ><textarea class=\"wd-width-100\"                      id=\"wdform_6_element4\"                      name=\"wdform_6_element4\"                      placeholder=\"\"                      style=\"height: 100px;\"                      ><\/textarea><\/div><\/div><\/div><\/div><div class=\"wdform_column\"><div wdid=\"1\" class=\"wdform_row\" style=\"position: relative; left: 0px; top: 0px;\"><div type=\"type_submit_reset\" class=\"wdform-field wd-width-100 wd-flex wd-flex-column\"><div class=\"wdform-element-section wd-flex  wd-flex-row wd-justify-content-left wd-width-100\" ><button  type=\"button\" class=\"button-submit\" onclick=\"fm_submit_form('4');\"  attribute=value data-ajax=\"0\"><span class=\"fm-submit-loading spinner fm-ico-spinner\"><\/span>Anfrage senden<\/button><button  type=\"button\" class=\"button-reset wd-hidden\" onclick=\"fm_reset_form(4);\"  attribute=value>Ponastavi<\/button><\/div><\/div><\/div><\/div><\/div><div valign=\"top\" class=\"wdform_footer wd-width-100\"><div class=\"wd-width-100\"><div class=\"wd-width-100 wd-table\" style=\"padding-top:10px;\"><div class=\"wd-table-group\"><div id=\"4page_nav1\" class=\"wd-table-row\"><\/div><\/div><\/div><\/div><\/div><\/div><\/div><div class=\"wdform_preload\"><\/div><\/form><\/div>\n\t\t\t<a href=\"tel:+386%2041%20390%20872\" target=\"_self\">\n\t\t\t\t\t\t+386 (0)41 390 872\n\t\t\t\t\t<\/a>\n\t<p><em>\u00a0<\/em><\/p>\n<p>&nbsp;<\/p>\n<p>ELTEAM GROUP d.o.o.<\/p>\n<p>Adresse:<strong> Puhova ulica 21, 2250 Ptuj, SI<\/strong><\/p>\n<p>Telefonnummer:\u00a0<a href=\"tel:+386 41 390 872\"><strong>+386 (0)41 390 872<\/strong><\/a><\/p>\n<p>E-mail:\u00a0<strong><a href=\"mailto:info@elteam.si\">info@elteam.si<\/a><\/strong><\/p>\n<p>&nbsp;<\/p>\n<p>Arbeitszeiten<\/p>\n<ul>\n<li><strong>Montag &#8211; Freitag:\u00a008:00 &#8211; 17:00<\/strong><\/li>\n<li><strong>Samstag:\u00a008:00 &#8211; 12:00<\/strong><\/li>\n<li><strong>Sonntag und Feiertage: geschlossen<\/strong><\/li>\n<\/ul>\n<p>&nbsp;<\/p>\n<p>&nbsp;<\/p>\n\n","protected":false},"excerpt":{"rendered":"<p>Wir sind ELTEAM &nbsp; In unserem Unternehmen z\u00e4hlen professionelle L\u00f6sungen in den Bereichen der Elektroinstallationen, Video\u00fcberwachung, Alarm- und Brandmeldeanlagen, Zutrittskontrolle und elektrische Messungen zu unseren Kernkompetenzen. Mit unserem engagierten Team bieten wir ein h\u00f6chstes Ma\u00df an Qualit\u00e4t und termingerechter Ausf\u00fchrung. &nbsp; &#8222;Wir sind ein Familienunternehmen und wie es in Familien \u00fcblich ist, unterst\u00fctzen wir uns<a class=\"more-link\" href=\"https:\/\/www.elteam.si\/de\/\"><span class=\"screen-reader-text\">&#8222;HOME&#8220;<\/span> weiterlesen<\/a><\/p>\n","protected":false},"author":1,"featured_media":0,"parent":0,"menu_order":0,"comment_status":"closed","ping_status":"closed","template":"","meta":{"om_disable_all_campaigns":false,"_monsterinsights_skip_tracking":false,"_monsterinsights_sitenote_active":false,"_monsterinsights_sitenote_note":"","_monsterinsights_sitenote_category":0,"footnotes":""},"class_list":["post-1019","page","type-page","status-publish","hentry","entry"],"aioseo_notices":[],"_links":{"self":[{"href":"https:\/\/www.elteam.si\/de\/wp-json\/wp\/v2\/pages\/1019","targetHints":{"allow":["GET"]}}],"collection":[{"href":"https:\/\/www.elteam.si\/de\/wp-json\/wp\/v2\/pages"}],"about":[{"href":"https:\/\/www.elteam.si\/de\/wp-json\/wp\/v2\/types\/page"}],"author":[{"embeddable":true,"href":"https:\/\/www.elteam.si\/de\/wp-json\/wp\/v2\/users\/1"}],"replies":[{"embeddable":true,"href":"https:\/\/www.elteam.si\/de\/wp-json\/wp\/v2\/comments?post=1019"}],"version-history":[{"count":9,"href":"https:\/\/www.elteam.si\/de\/wp-json\/wp\/v2\/pages\/1019\/revisions"}],"predecessor-version":[{"id":1065,"href":"https:\/\/www.elteam.si\/de\/wp-json\/wp\/v2\/pages\/1019\/revisions\/1065"}],"wp:attachment":[{"href":"https:\/\/www.elteam.si\/de\/wp-json\/wp\/v2\/media?parent=1019"}],"curies":[{"name":"wp","href":"https:\/\/api.w.org\/{rel}","templated":true}]}}